{"id":11,"date":"2025-02-27T11:19:20","date_gmt":"2025-02-27T11:19:20","guid":{"rendered":"https:\/\/dta.csa-soft.com\/?page_id=11"},"modified":"2025-02-28T20:18:23","modified_gmt":"2025-02-28T20:18:23","slug":"home-page","status":"publish","type":"page","link":"https:\/\/dta.csa-soft.com\/","title":{"rendered":"Home Page"},"content":{"rendered":"\t\t<div data-elementor-type=\"wp-page\" data-elementor-id=\"11\" class=\"elementor elementor-11\">\n\t\t\t\t<div class=\"elementor-element elementor-element-232eb39 e-flex e-con-boxed e-con e-parent\" data-id=\"232eb39\" data-element_type=\"container\" data-settings=\"{&quot;background_background&quot;:&quot;classic&quot;}\">\n\t\t\t\t\t<div class=\"e-con-inner\">\n\t\t<div class=\"elementor-element elementor-element-b3d77fb e-con-full e-flex e-con e-child\" data-id=\"b3d77fb\" data-element_type=\"container\">\n\t\t\t\t<div class=\"elementor-element elementor-element-d7210ac elementor-widget elementor-widget-heading\" data-id=\"d7210ac\" data-element_type=\"widget\" data-widget_type=\"heading.default\">\n\t\t\t\t<div class=\"elementor-widget-container\">\n\t\t\t\t\t<h2 class=\"elementor-heading-title elementor-size-default\"><a href=\"https:\/\/dta.csa-soft.com\/\" rel=\"home\" class=\"site-title site-logo-text\" style=\"line-height: 1.8;, sans-serif;font-size: 24px;font-style: normal;font-weight: 400\">NDEUGOUE GENERATION - FAMILLE DEFOSSO<\/a><\/h2>\t\t\t\t<\/div>\n\t\t\t\t<\/div>\n\t\t\t\t<\/div>\n\t\t<div class=\"elementor-element elementor-element-5803cd9 e-con-full e-flex e-con e-child\" data-id=\"5803cd9\" data-element_type=\"container\" data-settings=\"{&quot;background_background&quot;:&quot;gradient&quot;}\">\n\t\t\t\t<div class=\"elementor-element elementor-element-ded4bcb elementor-align-right elementor-widget elementor-widget-button\" data-id=\"ded4bcb\" data-element_type=\"widget\" data-widget_type=\"button.default\">\n\t\t\t\t<div class=\"elementor-widget-container\">\n\t\t\t\t\t\t\t\t\t<div class=\"elementor-button-wrapper\">\n\t\t\t\t\t<a class=\"elementor-button elementor-button-link elementor-size-sm\" href=\"https:\/\/dta.csa-soft.com\/?page_id=229\">\n\t\t\t\t\t\t<span class=\"elementor-button-content-wrapper\">\n\t\t\t\t\t\t\t\t\t<span class=\"elementor-button-text\">Se connecter<\/span>\n\t\t\t\t\t<\/span>\n\t\t\t\t\t<\/a>\n\t\t\t\t<\/div>\n\t\t\t\t\t\t\t\t<\/div>\n\t\t\t\t<\/div>\n\t\t\t\t<\/div>\n\t\t\t\t\t<\/div>\n\t\t\t\t<\/div>\n\t\t<div class=\"elementor-element elementor-element-11fb3fba e-flex e-con-boxed e-con e-parent\" data-id=\"11fb3fba\" data-element_type=\"container\" data-settings=\"{&quot;background_background&quot;:&quot;classic&quot;}\">\n\t\t\t\t\t<div class=\"e-con-inner\">\n\t\t<div class=\"elementor-element elementor-element-76835955 e-flex e-con-boxed e-con e-child\" data-id=\"76835955\" data-element_type=\"container\">\n\t\t\t\t\t<div class=\"e-con-inner\">\n\t\t\t\t<div class=\"elementor-element elementor-element-743ffba7 animated-slow elementor-invisible elementor-widget elementor-widget-heading\" data-id=\"743ffba7\" data-element_type=\"widget\" data-settings=\"{&quot;_animation&quot;:&quot;slideInUp&quot;}\" data-widget_type=\"heading.default\">\n\t\t\t\t<div class=\"elementor-widget-container\">\n\t\t\t\t\t<h2 class=\"elementor-heading-title elementor-size-default\">FAMILLE  DTA<\/h2>\t\t\t\t<\/div>\n\t\t\t\t<\/div>\n\t\t\t\t\t<\/div>\n\t\t\t\t<\/div>\n\t\t<div class=\"elementor-element elementor-element-1b12cbae e-con-full e-flex e-con e-child\" data-id=\"1b12cbae\" data-element_type=\"container\">\n\t\t<div class=\"elementor-element elementor-element-7695ced3 e-con-full e-flex e-con e-child\" data-id=\"7695ced3\" data-element_type=\"container\">\n\t\t\t\t<div class=\"elementor-element elementor-element-6d5b78a4 elementor-widget elementor-widget-heading\" data-id=\"6d5b78a4\" data-element_type=\"widget\" data-widget_type=\"heading.default\">\n\t\t\t\t<div class=\"elementor-widget-container\">\n\t\t\t\t\t<h3 class=\"elementor-heading-title elementor-size-default\"> \u00e9v\u00e9nements<\/h3>\t\t\t\t<\/div>\n\t\t\t\t<\/div>\n\t\t\t\t<div class=\"elementor-element elementor-element-7d50de3f elementor-position-top elementor-widget elementor-widget-image-box\" data-id=\"7d50de3f\" data-element_type=\"widget\" data-widget_type=\"image-box.default\">\n\t\t\t\t<div class=\"elementor-widget-container\">\n\t\t\t\t\t<div class=\"elementor-image-box-wrapper\"><figure class=\"elementor-image-box-img\"><img fetchpriority=\"high\" decoding=\"async\" width=\"1080\" height=\"1080\" src=\"https:\/\/dta.csa-soft.com\/wp-content\/uploads\/2025\/02\/famille_bana.jpg\" class=\"attachment-full size-full wp-image-143\" alt=\"\" srcset=\"https:\/\/dta.csa-soft.com\/wp-content\/uploads\/2025\/02\/famille_bana.jpg 1080w, https:\/\/dta.csa-soft.com\/wp-content\/uploads\/2025\/02\/famille_bana-300x300.jpg 300w, https:\/\/dta.csa-soft.com\/wp-content\/uploads\/2025\/02\/famille_bana-1024x1024.jpg 1024w, https:\/\/dta.csa-soft.com\/wp-content\/uploads\/2025\/02\/famille_bana-150x150.jpg 150w, https:\/\/dta.csa-soft.com\/wp-content\/uploads\/2025\/02\/famille_bana-768x768.jpg 768w, https:\/\/dta.csa-soft.com\/wp-content\/uploads\/2025\/02\/famille_bana-600x600.jpg 600w\" sizes=\"(max-width: 1080px) 100vw, 1080px\" \/><\/figure><div class=\"elementor-image-box-content\"><p class=\"elementor-image-box-description\">Ev\u00e9nements heureux et malheureux dans la famille<\/p><\/div><\/div>\t\t\t\t<\/div>\n\t\t\t\t<\/div>\n\t\t\t\t<\/div>\n\t\t<div class=\"elementor-element elementor-element-4cb72d39 e-con-full e-flex e-con e-child\" data-id=\"4cb72d39\" data-element_type=\"container\">\n\t\t\t\t<div class=\"elementor-element elementor-element-6aa00ce3 elementor-widget elementor-widget-heading\" data-id=\"6aa00ce3\" data-element_type=\"widget\" data-widget_type=\"heading.default\">\n\t\t\t\t<div class=\"elementor-widget-container\">\n\t\t\t\t\t<h3 class=\"elementor-heading-title elementor-size-default\">actions<\/h3>\t\t\t\t<\/div>\n\t\t\t\t<\/div>\n\t\t\t\t<div class=\"elementor-element elementor-element-2755807e elementor-position-top elementor-widget elementor-widget-image-box\" data-id=\"2755807e\" data-element_type=\"widget\" data-widget_type=\"image-box.default\">\n\t\t\t\t<div class=\"elementor-widget-container\">\n\t\t\t\t\t<div class=\"elementor-image-box-wrapper\"><figure class=\"elementor-image-box-img\"><img fetchpriority=\"high\" decoding=\"async\" width=\"1080\" height=\"1080\" src=\"https:\/\/dta.csa-soft.com\/wp-content\/uploads\/2025\/02\/famille_bana.jpg\" class=\"attachment-full size-full wp-image-143\" alt=\"\" srcset=\"https:\/\/dta.csa-soft.com\/wp-content\/uploads\/2025\/02\/famille_bana.jpg 1080w, https:\/\/dta.csa-soft.com\/wp-content\/uploads\/2025\/02\/famille_bana-300x300.jpg 300w, https:\/\/dta.csa-soft.com\/wp-content\/uploads\/2025\/02\/famille_bana-1024x1024.jpg 1024w, https:\/\/dta.csa-soft.com\/wp-content\/uploads\/2025\/02\/famille_bana-150x150.jpg 150w, https:\/\/dta.csa-soft.com\/wp-content\/uploads\/2025\/02\/famille_bana-768x768.jpg 768w, https:\/\/dta.csa-soft.com\/wp-content\/uploads\/2025\/02\/famille_bana-600x600.jpg 600w\" sizes=\"(max-width: 1080px) 100vw, 1080px\" \/><\/figure><div class=\"elementor-image-box-content\"><p class=\"elementor-image-box-description\">Actions r\u00e9alis\u00e9es et projets futurs aux seins de la famille<\/p><\/div><\/div>\t\t\t\t<\/div>\n\t\t\t\t<\/div>\n\t\t\t\t<\/div>\n\t\t<div class=\"elementor-element elementor-element-a0d9ce0 e-con-full e-flex e-con e-child\" data-id=\"a0d9ce0\" data-element_type=\"container\">\n\t\t\t\t<div class=\"elementor-element elementor-element-2be70fa8 elementor-widget elementor-widget-heading\" data-id=\"2be70fa8\" data-element_type=\"widget\" data-widget_type=\"heading.default\">\n\t\t\t\t<div class=\"elementor-widget-container\">\n\t\t\t\t\t<h3 class=\"elementor-heading-title elementor-size-default\">dons<\/h3>\t\t\t\t<\/div>\n\t\t\t\t<\/div>\n\t\t\t\t<div class=\"elementor-element elementor-element-24f64ea1 elementor-position-top elementor-widget elementor-widget-image-box\" data-id=\"24f64ea1\" data-element_type=\"widget\" data-widget_type=\"image-box.default\">\n\t\t\t\t<div class=\"elementor-widget-container\">\n\t\t\t\t\t<div class=\"elementor-image-box-wrapper\"><figure class=\"elementor-image-box-img\"><img fetchpriority=\"high\" decoding=\"async\" width=\"1080\" height=\"1080\" src=\"https:\/\/dta.csa-soft.com\/wp-content\/uploads\/2025\/02\/famille_bana.jpg\" class=\"attachment-full size-full wp-image-143\" alt=\"\" srcset=\"https:\/\/dta.csa-soft.com\/wp-content\/uploads\/2025\/02\/famille_bana.jpg 1080w, https:\/\/dta.csa-soft.com\/wp-content\/uploads\/2025\/02\/famille_bana-300x300.jpg 300w, https:\/\/dta.csa-soft.com\/wp-content\/uploads\/2025\/02\/famille_bana-1024x1024.jpg 1024w, https:\/\/dta.csa-soft.com\/wp-content\/uploads\/2025\/02\/famille_bana-150x150.jpg 150w, https:\/\/dta.csa-soft.com\/wp-content\/uploads\/2025\/02\/famille_bana-768x768.jpg 768w, https:\/\/dta.csa-soft.com\/wp-content\/uploads\/2025\/02\/famille_bana-600x600.jpg 600w\" sizes=\"(max-width: 1080px) 100vw, 1080px\" \/><\/figure><div class=\"elementor-image-box-content\"><p class=\"elementor-image-box-description\">Nos dons et expertises au service de la famille<\/p><\/div><\/div>\t\t\t\t<\/div>\n\t\t\t\t<\/div>\n\t\t\t\t<\/div>\n\t\t\t\t<\/div>\n\t\t\t\t\t<\/div>\n\t\t\t\t<\/div>\n\t\t\t\t<\/div>\n\t\t","protected":false},"excerpt":{"rendered":"<p>NDEUGOUE GENERATION &#8211; FAMILLE DEFOSSO Se connecter FAMILLE DTA \u00e9v\u00e9nements Ev\u00e9nements heureux et malheureux dans la famille actions Actions r\u00e9alis\u00e9es et projets futurs aux seins de la famille dons Nos dons et expertises au service de la famille<\/p>\n","protected":false},"author":1,"featured_media":19,"parent":0,"menu_order":0,"comment_status":"closed","ping_status":"closed","template":"elementor_header_footer","meta":{"_eb_attr":"","footnotes":""},"class_list":["post-11","page","type-page","status-publish","has-post-thumbnail","hentry","entry","has-media"],"_links":{"self":[{"href":"https:\/\/dta.csa-soft.com\/index.php?rest_route=\/wp\/v2\/pages\/11","targetHints":{"allow":["GET"]}}],"collection":[{"href":"https:\/\/dta.csa-soft.com\/index.php?rest_route=\/wp\/v2\/pages"}],"about":[{"href":"https:\/\/dta.csa-soft.com\/index.php?rest_route=\/wp\/v2\/types\/page"}],"author":[{"embeddable":true,"href":"https:\/\/dta.csa-soft.com\/index.php?rest_route=\/wp\/v2\/users\/1"}],"replies":[{"embeddable":true,"href":"https:\/\/dta.csa-soft.com\/index.php?rest_route=%2Fwp%2Fv2%2Fcomments&post=11"}],"version-history":[{"count":130,"href":"https:\/\/dta.csa-soft.com\/index.php?rest_route=\/wp\/v2\/pages\/11\/revisions"}],"predecessor-version":[{"id":251,"href":"https:\/\/dta.csa-soft.com\/index.php?rest_route=\/wp\/v2\/pages\/11\/revisions\/251"}],"wp:featuredmedia":[{"embeddable":true,"href":"https:\/\/dta.csa-soft.com\/index.php?rest_route=\/wp\/v2\/media\/19"}],"wp:attachment":[{"href":"https:\/\/dta.csa-soft.com\/index.php?rest_route=%2Fwp%2Fv2%2Fmedia&parent=11"}],"curies":[{"name":"wp","href":"https:\/\/api.w.org\/{rel}","templated":true}]}}